{"id":1194,"date":"2026-03-31T11:53:26","date_gmt":"2026-03-31T11:53:26","guid":{"rendered":"https:\/\/gleeztravel.com\/?page_id=1194"},"modified":"2026-04-22T15:45:18","modified_gmt":"2026-04-22T15:45:18","slug":"galeria","status":"publish","type":"page","link":"https:\/\/gleeztravel.com\/en\/galeria\/","title":{"rendered":"Galer\u00eda de Bodas en Mendoza"},"content":{"rendered":"<p class=\"attachment\"><a href='https:\/\/gleeztravel.com\/wp-content\/uploads\/2026\/04\/gleez-galeria-003-8638.jpg'><img fetchpriority=\"high\" decoding=\"async\" width=\"200\" height=\"300\" src=\"https:\/\/gleeztravel.com\/wp-content\/uploads\/2026\/04\/gleez-galeria-003-8638-200x300.jpg\" class=\"attachment-medium size-medium\" alt=\"\" srcset=\"https:\/\/gleeztravel.com\/wp-content\/uploads\/2026\/04\/gleez-galeria-003-8638-200x300.jpg 200w, https:\/\/gleeztravel.com\/wp-content\/uploads\/2026\/04\/gleez-galeria-003-8638-683x1024.jpg 683w, https:\/\/gleeztravel.com\/wp-content\/uploads\/2026\/04\/gleez-galeria-003-8638-768x1152.jpg 768w, https:\/\/gleeztravel.com\/wp-content\/uploads\/2026\/04\/gleez-galeria-003-8638.jpg 800w\" sizes=\"(max-width: 200px) 100vw, 200px\" \/><\/a><\/p>\n\t\t<div data-elementor-type=\"wp-page\" data-elementor-id=\"1194\" class=\"elementor elementor-1194\" data-elementor-post-type=\"page\">\n\t\t\t\t<div class=\"elementor-element elementor-element-72ea745 e-flex e-con-boxed wpr-equal-height-no e-con e-parent\" data-id=\"72ea745\" data-element_type=\"container\" data-e-type=\"container\" data-settings=\"{&quot;background_background&quot;:&quot;classic&quot;}\">\n\t\t\t\t\t<div class=\"e-con-inner\">\n\t\t<div class=\"elementor-element elementor-element-164925d e-con-full e-flex wpr-equal-height-no e-con e-child\" data-id=\"164925d\" data-element_type=\"container\" data-e-type=\"container\">\n\t\t<div class=\"elementor-element elementor-element-0e40aef e-con-full e-flex wpr-equal-height-no e-con e-child\" data-id=\"0e40aef\" data-element_type=\"container\" data-e-type=\"container\">\n\t\t\t\t<div class=\"elementor-element elementor-element-f730da0 elementor-widget elementor-widget-heading\" data-id=\"f730da0\" data-element_type=\"widget\" data-e-type=\"widget\" data-widget_type=\"heading.default\">\n\t\t\t\t\t<h6 class=\"elementor-heading-title elementor-size-default\">Gallery<\/h6>\t\t\t\t<\/div>\n\t\t\t\t<div class=\"elementor-element elementor-element-b710ee4 elementor-widget-divider--view-line elementor-widget elementor-widget-divider\" data-id=\"b710ee4\" data-element_type=\"widget\" data-e-type=\"widget\" data-widget_type=\"divider.default\">\n\t\t\t\t\t\t\t<div class=\"elementor-divider\">\n\t\t\t<span class=\"elementor-divider-separator\">\n\t\t\t\t\t\t<\/span>\n\t\t<\/div>\n\t\t\t\t\t\t<\/div>\n\t\t\t\t<div class=\"elementor-element elementor-element-1846362 elementor-widget-tablet__width-initial elementor-widget elementor-widget-heading\" data-id=\"1846362\" data-element_type=\"widget\" data-e-type=\"widget\" data-widget_type=\"heading.default\">\n\t\t\t\t\t<h2 class=\"elementor-heading-title elementor-size-default\">Every wedding, a unique story<\/h2>\t\t\t\t<\/div>\n\t\t\t\t<\/div>\n\t\t<div class=\"elementor-element elementor-element-0463e01 e-con-full e-flex wpr-equal-height-no e-con e-child\" data-id=\"0463e01\" data-element_type=\"container\" data-e-type=\"container\">\n\t\t\t\t<div class=\"elementor-element elementor-element-71a00f0 elementor-widget-tablet__width-initial elementor-widget elementor-widget-text-editor\" data-id=\"71a00f0\" data-element_type=\"widget\" data-e-type=\"widget\" data-widget_type=\"text-editor.default\">\n\t\t\t\t\t\t\t\t\t<p>Real moments from couples who chose Mendoza for the most special day of their lives.<\/p>\t\t\t\t\t\t\t\t<\/div>\n\t\t\t\t<\/div>\n\t\t\t\t<\/div>\n\t\t<div class=\"elementor-element elementor-element-58fec57 e-con-full e-flex wpr-equal-height-no e-con e-child\" data-id=\"58fec57\" data-element_type=\"container\" data-e-type=\"container\">\n\t\t\t\t<div class=\"elementor-element elementor-element-04cfbf2 wpr-grid-columns-4 wpr-grid-columns--tablet2 wpr-grid-columns--mobile1 elementor-widget elementor-widget-wpr-media-grid\" data-id=\"04cfbf2\" data-element_type=\"widget\" data-e-type=\"widget\" data-widget_type=\"wpr-media-grid.default\">\n\t\t\t\t\t<section class=\"wpr-grid wpr-media-grid elementor-clearfix\" data-settings=\"{&quot;layout&quot;:&quot;masonry&quot;,&quot;columns_desktop&quot;:&quot;4&quot;,&quot;gutter_hr&quot;:15,&quot;gutter_hr_mobile&quot;:15,&quot;gutter_hr_mobile_extra&quot;:15,&quot;gutter_hr_tablet&quot;:15,&quot;gutter_hr_tablet_extra&quot;:15,&quot;gutter_hr_laptop&quot;:15,&quot;gutter_hr_widescreen&quot;:15,&quot;gutter_vr&quot;:15,&quot;gutter_vr_mobile&quot;:15,&quot;gutter_vr_mobile_extra&quot;:15,&quot;gutter_vr_tablet&quot;:15,&quot;gutter_vr_tablet_extra&quot;:15,&quot;gutter_vr_laptop&quot;:15,&quot;gutter_vr_widescreen&quot;:15,&quot;animation&quot;:&quot;default&quot;,&quot;animation_duration&quot;:0.3,&quot;animation_delay&quot;:0.1,&quot;deeplinking&quot;:&quot;no&quot;,&quot;filters_default_filter&quot;:&quot;&quot;,&quot;filters_linkable&quot;:&quot;no&quot;,&quot;filters_count&quot;:&quot;no&quot;,&quot;filters_hide_empty&quot;:&quot;no&quot;,&quot;filters_animation&quot;:&quot;default&quot;,&quot;filters_animation_duration&quot;:0.3,&quot;filters_animation_delay&quot;:0.1,&quot;pagination_type&quot;:&quot;infinite-scroll&quot;,&quot;pagination_max_pages&quot;:10,&quot;lightbox&quot;:{&quot;selector&quot;:&quot;.wpr-grid-image-wrap&quot;,&quot;iframeMaxWidth&quot;:&quot;60%&quot;,&quot;hash&quot;:false,&quot;autoplay&quot;:&quot;true&quot;,&quot;pause&quot;:5000,&quot;progressBar&quot;:&quot;true&quot;,&quot;counter&quot;:&quot;true&quot;,&quot;controls&quot;:&quot;true&quot;,&quot;getCaptionFromTitleOrAlt&quot;:&quot;&quot;,&quot;thumbnail&quot;:&quot;true&quot;,&quot;showThumbByDefault&quot;:&quot;true&quot;,&quot;share&quot;:&quot;true&quot;,&quot;zoom&quot;:&quot;&quot;,&quot;fullScreen&quot;:&quot;&quot;,&quot;download&quot;:&quot;&quot;}}\"><article class=\"wpr-grid-item elementor-clearfix post-1446 attachment type-attachment status-inherit hentry\"><div class=\"wpr-grid-item-inner\"><div class=\"wpr-grid-media-wrap wpr-grayscale-in wpr-effect-size-small\"><div class=\"wpr-grid-image-wrap\" data-src=\"https:\/\/gleeztravel.com\/wp-content\/uploads\/2026\/04\/gleez-galeria-004-8638.jpg\"><img decoding=\"async\" src=\"https:\/\/gleeztravel.com\/wp-content\/uploads\/2026\/04\/gleez-galeria-004-8638-681x1024.jpg\" alt=\"gleez-galeria-004-8638\" class=\"wpr-anim-timing-ease-default\"><\/div><div class=\"wpr-grid-media-hover wpr-animation-wrap\"><div class=\"wpr-grid-media-hover-bg  wpr-overlay-fade-in wpr-anim-size-large wpr-anim-timing-ease-default wpr-anim-transparency\" data-url=\"https:\/\/gleeztravel.com\/en\/gleez-galeria-004-8638\/\"><\/div><div class=\"wpr-cv-container\"><div class=\"wpr-cv-outer\"><div class=\"wpr-cv-inner\"><div class=\"wpr-grid-media-hover-middle elementor-clearfix\"><div class=\"wpr-grid-item-lightbox elementor-repeater-item-653ae7f wpr-grid-item-display-block wpr-grid-item-align-center wpr-element-fade-in wpr-anim-size-large wpr-anim-timing-ease-default wpr-anim-transparency\"><div class=\"inner-block\"><span data-src=\"https:\/\/gleeztravel.com\/wp-content\/uploads\/2026\/04\/gleez-galeria-004-8638.jpg\"><i class=\"far fa-image\"><\/i><\/span><div class=\"wpr-grid-lightbox-overlay\"><\/div><\/div><\/div><\/div><\/div><\/div><\/div><\/div><\/div><\/div><\/article><article class=\"wpr-grid-item elementor-clearfix post-1453 attachment type-attachment status-inherit hentry\"><div class=\"wpr-grid-item-inner\"><div class=\"wpr-grid-media-wrap wpr-grayscale-in wpr-effect-size-small\"><div class=\"wpr-grid-image-wrap\" data-src=\"https:\/\/gleeztravel.com\/wp-content\/uploads\/2026\/04\/gleez-galeria-011-8638.jpg\"><img decoding=\"async\" src=\"https:\/\/gleeztravel.com\/wp-content\/uploads\/2026\/04\/gleez-galeria-011-8638-683x1024.jpg\" alt=\"gleez-galeria-011-8638\" class=\"wpr-anim-timing-ease-default\"><\/div><div class=\"wpr-grid-media-hover wpr-animation-wrap\"><div class=\"wpr-grid-media-hover-bg  wpr-overlay-fade-in wpr-anim-size-large wpr-anim-timing-ease-default wpr-anim-transparency\" data-url=\"https:\/\/gleeztravel.com\/en\/gleez-galeria-011-8638\/\"><\/div><div class=\"wpr-cv-container\"><div class=\"wpr-cv-outer\"><div class=\"wpr-cv-inner\"><div class=\"wpr-grid-media-hover-middle elementor-clearfix\"><div class=\"wpr-grid-item-lightbox elementor-repeater-item-653ae7f wpr-grid-item-display-block wpr-grid-item-align-center wpr-element-fade-in wpr-anim-size-large wpr-anim-timing-ease-default wpr-anim-transparency\"><div class=\"inner-block\"><span data-src=\"https:\/\/gleeztravel.com\/wp-content\/uploads\/2026\/04\/gleez-galeria-011-8638.jpg\"><i class=\"far fa-image\"><\/i><\/span><div class=\"wpr-grid-lightbox-overlay\"><\/div><\/div><\/div><\/div><\/div><\/div><\/div><\/div><\/div><\/div><\/article><article class=\"wpr-grid-item elementor-clearfix post-1517 attachment type-attachment status-inherit hentry\"><div class=\"wpr-grid-item-inner\"><div class=\"wpr-grid-media-wrap wpr-grayscale-in wpr-effect-size-small\"><div class=\"wpr-grid-image-wrap\" data-src=\"https:\/\/gleeztravel.com\/wp-content\/uploads\/2026\/04\/gleez-galeria-074-8638.jpg\"><img decoding=\"async\" src=\"https:\/\/gleeztravel.com\/wp-content\/uploads\/2026\/04\/gleez-galeria-074-8638-683x1024.jpg\" alt=\"gleez-galeria-074-8638\" class=\"wpr-anim-timing-ease-default\"><\/div><div class=\"wpr-grid-media-hover wpr-animation-wrap\"><div class=\"wpr-grid-media-hover-bg  wpr-overlay-fade-in wpr-anim-size-large wpr-anim-timing-ease-default wpr-anim-transparency\" data-url=\"https:\/\/gleeztravel.com\/en\/gleez-galeria-074-8638\/\"><\/div><div class=\"wpr-cv-container\"><div class=\"wpr-cv-outer\"><div class=\"wpr-cv-inner\"><div class=\"wpr-grid-media-hover-middle elementor-clearfix\"><div class=\"wpr-grid-item-lightbox elementor-repeater-item-653ae7f wpr-grid-item-display-block wpr-grid-item-align-center wpr-element-fade-in wpr-anim-size-large wpr-anim-timing-ease-default wpr-anim-transparency\"><div class=\"inner-block\"><span data-src=\"https:\/\/gleeztravel.com\/wp-content\/uploads\/2026\/04\/gleez-galeria-074-8638.jpg\"><i class=\"far fa-image\"><\/i><\/span><div class=\"wpr-grid-lightbox-overlay\"><\/div><\/div><\/div><\/div><\/div><\/div><\/div><\/div><\/div><\/div><\/article><article class=\"wpr-grid-item elementor-clearfix post-1527 attachment type-attachment status-inherit hentry\"><div class=\"wpr-grid-item-inner\"><div class=\"wpr-grid-media-wrap wpr-grayscale-in wpr-effect-size-small\"><div class=\"wpr-grid-image-wrap\" data-src=\"https:\/\/gleeztravel.com\/wp-content\/uploads\/2026\/04\/gleez-galeria-084-8638.jpg\"><img decoding=\"async\" src=\"https:\/\/gleeztravel.com\/wp-content\/uploads\/2026\/04\/gleez-galeria-084-8638-1024x684.jpg\" alt=\"gleez-galeria-084-8638\" class=\"wpr-anim-timing-ease-default\"><\/div><div class=\"wpr-grid-media-hover wpr-animation-wrap\"><div class=\"wpr-grid-media-hover-bg  wpr-overlay-fade-in wpr-anim-size-large wpr-anim-timing-ease-default wpr-anim-transparency\" data-url=\"https:\/\/gleeztravel.com\/en\/gleez-galeria-084-8638\/\"><\/div><div class=\"wpr-cv-container\"><div class=\"wpr-cv-outer\"><div class=\"wpr-cv-inner\"><div class=\"wpr-grid-media-hover-middle elementor-clearfix\"><div class=\"wpr-grid-item-lightbox elementor-repeater-item-653ae7f wpr-grid-item-display-block wpr-grid-item-align-center wpr-element-fade-in wpr-anim-size-large wpr-anim-timing-ease-default wpr-anim-transparency\"><div class=\"inner-block\"><span data-src=\"https:\/\/gleeztravel.com\/wp-content\/uploads\/2026\/04\/gleez-galeria-084-8638.jpg\"><i class=\"far fa-image\"><\/i><\/span><div class=\"wpr-grid-lightbox-overlay\"><\/div><\/div><\/div><\/div><\/div><\/div><\/div><\/div><\/div><\/div><\/article><article class=\"wpr-grid-item elementor-clearfix post-1500 attachment type-attachment status-inherit hentry\"><div class=\"wpr-grid-item-inner\"><div class=\"wpr-grid-media-wrap wpr-grayscale-in wpr-effect-size-small\"><div class=\"wpr-grid-image-wrap\" data-src=\"https:\/\/gleeztravel.com\/wp-content\/uploads\/2026\/04\/gleez-galeria-057-8638.jpg\"><img decoding=\"async\" src=\"https:\/\/gleeztravel.com\/wp-content\/uploads\/2026\/04\/gleez-galeria-057-8638-683x1024.jpg\" alt=\"gleez-galeria-057-8638\" class=\"wpr-anim-timing-ease-default\"><\/div><div class=\"wpr-grid-media-hover wpr-animation-wrap\"><div class=\"wpr-grid-media-hover-bg  wpr-overlay-fade-in wpr-anim-size-large wpr-anim-timing-ease-default wpr-anim-transparency\" data-url=\"https:\/\/gleeztravel.com\/en\/gleez-galeria-057-8638\/\"><\/div><div class=\"wpr-cv-container\"><div class=\"wpr-cv-outer\"><div class=\"wpr-cv-inner\"><div class=\"wpr-grid-media-hover-middle elementor-clearfix\"><div class=\"wpr-grid-item-lightbox elementor-repeater-item-653ae7f wpr-grid-item-display-block wpr-grid-item-align-center wpr-element-fade-in wpr-anim-size-large wpr-anim-timing-ease-default wpr-anim-transparency\"><div class=\"inner-block\"><span data-src=\"https:\/\/gleeztravel.com\/wp-content\/uploads\/2026\/04\/gleez-galeria-057-8638.jpg\"><i class=\"far fa-image\"><\/i><\/span><div class=\"wpr-grid-lightbox-overlay\"><\/div><\/div><\/div><\/div><\/div><\/div><\/div><\/div><\/div><\/div><\/article><article class=\"wpr-grid-item elementor-clearfix post-1521 attachment type-attachment status-inherit hentry\"><div class=\"wpr-grid-item-inner\"><div class=\"wpr-grid-media-wrap wpr-grayscale-in wpr-effect-size-small\"><div class=\"wpr-grid-image-wrap\" data-src=\"https:\/\/gleeztravel.com\/wp-content\/uploads\/2026\/04\/gleez-galeria-078-8638.jpg\"><img decoding=\"async\" src=\"https:\/\/gleeztravel.com\/wp-content\/uploads\/2026\/04\/gleez-galeria-078-8638-683x1024.jpg\" alt=\"gleez-galeria-078-8638\" class=\"wpr-anim-timing-ease-default\"><\/div><div class=\"wpr-grid-media-hover wpr-animation-wrap\"><div class=\"wpr-grid-media-hover-bg  wpr-overlay-fade-in wpr-anim-size-large wpr-anim-timing-ease-default wpr-anim-transparency\" data-url=\"https:\/\/gleeztravel.com\/en\/gleez-galeria-078-8638\/\"><\/div><div class=\"wpr-cv-container\"><div class=\"wpr-cv-outer\"><div class=\"wpr-cv-inner\"><div class=\"wpr-grid-media-hover-middle elementor-clearfix\"><div class=\"wpr-grid-item-lightbox elementor-repeater-item-653ae7f wpr-grid-item-display-block wpr-grid-item-align-center wpr-element-fade-in wpr-anim-size-large wpr-anim-timing-ease-default wpr-anim-transparency\"><div class=\"inner-block\"><span data-src=\"https:\/\/gleeztravel.com\/wp-content\/uploads\/2026\/04\/gleez-galeria-078-8638.jpg\"><i class=\"far fa-image\"><\/i><\/span><div class=\"wpr-grid-lightbox-overlay\"><\/div><\/div><\/div><\/div><\/div><\/div><\/div><\/div><\/div><\/div><\/article><article class=\"wpr-grid-item elementor-clearfix post-1467 attachment type-attachment status-inherit hentry\"><div class=\"wpr-grid-item-inner\"><div class=\"wpr-grid-media-wrap wpr-grayscale-in wpr-effect-size-small\"><div class=\"wpr-grid-image-wrap\" data-src=\"https:\/\/gleeztravel.com\/wp-content\/uploads\/2026\/04\/gleez-galeria-025-8638.jpg\"><img decoding=\"async\" src=\"https:\/\/gleeztravel.com\/wp-content\/uploads\/2026\/04\/gleez-galeria-025-8638-1024x683.jpg\" alt=\"gleez-galeria-025-8638\" class=\"wpr-anim-timing-ease-default\"><\/div><div class=\"wpr-grid-media-hover wpr-animation-wrap\"><div class=\"wpr-grid-media-hover-bg  wpr-overlay-fade-in wpr-anim-size-large wpr-anim-timing-ease-default wpr-anim-transparency\" data-url=\"https:\/\/gleeztravel.com\/en\/gleez-galeria-025-8638\/\"><\/div><div class=\"wpr-cv-container\"><div class=\"wpr-cv-outer\"><div class=\"wpr-cv-inner\"><div class=\"wpr-grid-media-hover-middle elementor-clearfix\"><div class=\"wpr-grid-item-lightbox elementor-repeater-item-653ae7f wpr-grid-item-display-block wpr-grid-item-align-center wpr-element-fade-in wpr-anim-size-large wpr-anim-timing-ease-default wpr-anim-transparency\"><div class=\"inner-block\"><span data-src=\"https:\/\/gleeztravel.com\/wp-content\/uploads\/2026\/04\/gleez-galeria-025-8638.jpg\"><i class=\"far fa-image\"><\/i><\/span><div class=\"wpr-grid-lightbox-overlay\"><\/div><\/div><\/div><\/div><\/div><\/div><\/div><\/div><\/div><\/div><\/article><article class=\"wpr-grid-item elementor-clearfix post-1465 attachment type-attachment status-inherit hentry\"><div class=\"wpr-grid-item-inner\"><div class=\"wpr-grid-media-wrap wpr-grayscale-in wpr-effect-size-small\"><div class=\"wpr-grid-image-wrap\" data-src=\"https:\/\/gleeztravel.com\/wp-content\/uploads\/2026\/04\/gleez-galeria-023-8638.jpg\"><img decoding=\"async\" src=\"https:\/\/gleeztravel.com\/wp-content\/uploads\/2026\/04\/gleez-galeria-023-8638-683x1024.jpg\" alt=\"gleez-galeria-023-8638\" class=\"wpr-anim-timing-ease-default\"><\/div><div class=\"wpr-grid-media-hover wpr-animation-wrap\"><div class=\"wpr-grid-media-hover-bg  wpr-overlay-fade-in wpr-anim-size-large wpr-anim-timing-ease-default wpr-anim-transparency\" data-url=\"https:\/\/gleeztravel.com\/en\/gleez-galeria-023-8638\/\"><\/div><div class=\"wpr-cv-container\"><div class=\"wpr-cv-outer\"><div class=\"wpr-cv-inner\"><div class=\"wpr-grid-media-hover-middle elementor-clearfix\"><div class=\"wpr-grid-item-lightbox elementor-repeater-item-653ae7f wpr-grid-item-display-block wpr-grid-item-align-center wpr-element-fade-in wpr-anim-size-large wpr-anim-timing-ease-default wpr-anim-transparency\"><div class=\"inner-block\"><span data-src=\"https:\/\/gleeztravel.com\/wp-content\/uploads\/2026\/04\/gleez-galeria-023-8638.jpg\"><i class=\"far fa-image\"><\/i><\/span><div class=\"wpr-grid-lightbox-overlay\"><\/div><\/div><\/div><\/div><\/div><\/div><\/div><\/div><\/div><\/div><\/article><article class=\"wpr-grid-item elementor-clearfix post-1536 attachment type-attachment status-inherit hentry\"><div class=\"wpr-grid-item-inner\"><div class=\"wpr-grid-media-wrap wpr-grayscale-in wpr-effect-size-small\"><div class=\"wpr-grid-image-wrap\" data-src=\"https:\/\/gleeztravel.com\/wp-content\/uploads\/2026\/04\/gleez-galeria-093-8638.jpg\"><img decoding=\"async\" src=\"https:\/\/gleeztravel.com\/wp-content\/uploads\/2026\/04\/gleez-galeria-093-8638-683x1024.jpg\" alt=\"gleez-galeria-093-8638\" class=\"wpr-anim-timing-ease-default\"><\/div><div class=\"wpr-grid-media-hover wpr-animation-wrap\"><div class=\"wpr-grid-media-hover-bg  wpr-overlay-fade-in wpr-anim-size-large wpr-anim-timing-ease-default wpr-anim-transparency\" data-url=\"https:\/\/gleeztravel.com\/en\/gleez-galeria-093-8638\/\"><\/div><div class=\"wpr-cv-container\"><div class=\"wpr-cv-outer\"><div class=\"wpr-cv-inner\"><div class=\"wpr-grid-media-hover-middle elementor-clearfix\"><div class=\"wpr-grid-item-lightbox elementor-repeater-item-653ae7f wpr-grid-item-display-block wpr-grid-item-align-center wpr-element-fade-in wpr-anim-size-large wpr-anim-timing-ease-default wpr-anim-transparency\"><div class=\"inner-block\"><span data-src=\"https:\/\/gleeztravel.com\/wp-content\/uploads\/2026\/04\/gleez-galeria-093-8638.jpg\"><i class=\"far fa-image\"><\/i><\/span><div class=\"wpr-grid-lightbox-overlay\"><\/div><\/div><\/div><\/div><\/div><\/div><\/div><\/div><\/div><\/div><\/article><article class=\"wpr-grid-item elementor-clearfix post-1445 attachment type-attachment status-inherit hentry\"><div class=\"wpr-grid-item-inner\"><div class=\"wpr-grid-media-wrap wpr-grayscale-in wpr-effect-size-small\"><div class=\"wpr-grid-image-wrap\" data-src=\"https:\/\/gleeztravel.com\/wp-content\/uploads\/2026\/04\/gleez-galeria-003-8638.jpg\"><img decoding=\"async\" src=\"https:\/\/gleeztravel.com\/wp-content\/uploads\/2026\/04\/gleez-galeria-003-8638-683x1024.jpg\" alt=\"gleez-galeria-003-8638\" class=\"wpr-anim-timing-ease-default\"><\/div><div class=\"wpr-grid-media-hover wpr-animation-wrap\"><div class=\"wpr-grid-media-hover-bg  wpr-overlay-fade-in wpr-anim-size-large wpr-anim-timing-ease-default wpr-anim-transparency\" data-url=\"https:\/\/gleeztravel.com\/en\/gleez-galeria-003-8638\/\"><\/div><div class=\"wpr-cv-container\"><div class=\"wpr-cv-outer\"><div class=\"wpr-cv-inner\"><div class=\"wpr-grid-media-hover-middle elementor-clearfix\"><div class=\"wpr-grid-item-lightbox elementor-repeater-item-653ae7f wpr-grid-item-display-block wpr-grid-item-align-center wpr-element-fade-in wpr-anim-size-large wpr-anim-timing-ease-default wpr-anim-transparency\"><div class=\"inner-block\"><span data-src=\"https:\/\/gleeztravel.com\/wp-content\/uploads\/2026\/04\/gleez-galeria-003-8638.jpg\"><i class=\"far fa-image\"><\/i><\/span><div class=\"wpr-grid-lightbox-overlay\"><\/div><\/div><\/div><\/div><\/div><\/div><\/div><\/div><\/div><\/div><\/article><\/section><div class=\"wpr-grid-pagination elementor-clearfix wpr-grid-pagination-infinite-scroll\"><a href=\"https:\/\/gleeztravel.com\/en\/wp-json\/wp\/v2\/pages\/1194\/page\/2\/\" class=\"wpr-load-more-btn\" data-e-disable-page-transition>Load More<\/a><div class=\"wpr-pagination-loading\"><div class=\"wpr-spinner wpr-spinner-pulse\"><\/div><\/div><p class=\"wpr-pagination-finish\"><\/p><\/div>\t\t\t\t<\/div>\n\t\t\t\t<\/div>\n\t\t\t\t\t<\/div>\n\t\t\t\t<\/div>\n\t\t\t\t<\/div>","protected":false},"excerpt":{"rendered":"<p>Galer\u00eda Cada boda, una historia \u00fanica Momentos reales de parejas que eligieron Mendoza para el d\u00eda m\u00e1s especial de sus vidas. Load More<\/p>","protected":false},"author":1,"featured_media":0,"parent":0,"menu_order":0,"comment_status":"closed","ping_status":"closed","template":"elementor_header_footer","meta":{"footnotes":""},"class_list":["post-1194","page","type-page","status-publish","hentry"],"aioseo_notices":[],"acf":[],"_links":{"self":[{"href":"https:\/\/gleeztravel.com\/en\/wp-json\/wp\/v2\/pages\/1194","targetHints":{"allow":["GET"]}}],"collection":[{"href":"https:\/\/gleeztravel.com\/en\/wp-json\/wp\/v2\/pages"}],"about":[{"href":"https:\/\/gleeztravel.com\/en\/wp-json\/wp\/v2\/types\/page"}],"author":[{"embeddable":true,"href":"https:\/\/gleeztravel.com\/en\/wp-json\/wp\/v2\/users\/1"}],"replies":[{"embeddable":true,"href":"https:\/\/gleeztravel.com\/en\/wp-json\/wp\/v2\/comments?post=1194"}],"version-history":[{"count":1,"href":"https:\/\/gleeztravel.com\/en\/wp-json\/wp\/v2\/pages\/1194\/revisions"}],"predecessor-version":[{"id":1702,"href":"https:\/\/gleeztravel.com\/en\/wp-json\/wp\/v2\/pages\/1194\/revisions\/1702"}],"wp:attachment":[{"href":"https:\/\/gleeztravel.com\/en\/wp-json\/wp\/v2\/media?parent=1194"}],"curies":[{"name":"wp","href":"https:\/\/api.w.org\/{rel}","templated":true}]}}